{"id":43,"date":"2017-10-05T14:10:03","date_gmt":"2017-10-05T12:10:03","guid":{"rendered":"https:\/\/seinenkel.de\/wordpress\/?page_id=43"},"modified":"2018-11-14T06:11:48","modified_gmt":"2018-11-14T05:11:48","slug":"fortbildung-herbst-2017","status":"publish","type":"page","link":"https:\/\/seinenkel.de\/wordpress\/?page_id=43","title":{"rendered":"Fortbildung 2017\/2018"},"content":{"rendered":"<p class=\"fbtext\">Ziel dieser viert\u00e4gigen Fortbildung soll es sein, die eigenen F\u00e4higkeiten im Umgang mit digitalen Medien zu vertiefen und gegebenenfalls zu erweitern. Im Mittelpunkt stehen dabei Pr\u00e4sentationsm\u00f6glichkeiten und deren objektorientierte Gestaltung.<\/p>\n<p class=\"fbtext\">Neben einer kurzen theoretischen Betrachtung soll die Zeit haupts\u00e4chlich daf\u00fcr zur Verf\u00fcgung stehen, sich mit den Anwendungen praktisch auseinanderzusetzen. Im Ergebnis k\u00f6nnen beispielsweise digitale Unterrichtsmedien entstehen, die direkt f\u00fcr den eigenen Unterricht genutzt werden k\u00f6nnen.<\/p>\n<p class=\"fbtext\">Selbstredend ergibt sich auch die M\u00f6glichkeit, einfach einmal die M\u00f6glichkeiten einzelner Anwendungen auszutesten. Die Erarbeitung von Vorlagen und Mustern f\u00fcr ausgew\u00e4hlte Dokumente w\u00e4ren ebenfalls denkbar.<\/p>\n<p class=\"fbtext\">Angst und Scheu vor digitalen Medien abzubauen wird uns in diesen Tagen hoffentlich ebenfalls gelingen. Jeder soll zun\u00e4chst auf dem Niveau beginnen, auf dem er oder sie sich sicher f\u00fchlt. Wenn es uns gelingt, dabei sicherer zu werden, haben wir das Ziel bereits erreicht. Wenn es gelingt, die eigenen Grenzen zu erweitern und ein breiteres Verst\u00e4ndnis f\u00fcr die Arbeitsweise digitaler Gestaltungsmittel zu entwickeln, w\u00e4re das nat\u00fcrlich besonders gut.<img loading=\"lazy\" class=\"alignnone wp-image-34\" src=\"https:\/\/seinenkel.de\/wordpress\/wp-content\/uploads\/2017\/10\/FB_Inhalt-2-300x120.png\" alt=\"\" width=\"800\" height=\"321\" srcset=\"https:\/\/seinenkel.de\/wordpress\/wp-content\/uploads\/2017\/10\/FB_Inhalt-2-300x120.png 300w, https:\/\/seinenkel.de\/wordpress\/wp-content\/uploads\/2017\/10\/FB_Inhalt-2-768x308.png 768w, https:\/\/seinenkel.de\/wordpress\/wp-content\/uploads\/2017\/10\/FB_Inhalt-2-1024x411.png 1024w\" sizes=\"(max-width: 767px) 89vw, (max-width: 1000px) 54vw, (max-width: 1071px) 543px, 580px\" \/><\/p>\n","protected":false},"excerpt":{"rendered":"<p>Ziel dieser viert\u00e4gigen Fortbildung soll es sein, die eigenen F\u00e4higkeiten im Umgang mit digitalen Medien zu vertiefen und gegebenenfalls zu erweitern. Im Mittelpunkt stehen dabei Pr\u00e4sentationsm\u00f6glichkeiten und deren objektorientierte Gestaltung. Neben einer kurzen theoretischen Betrachtung soll die Zeit haupts\u00e4chlich daf\u00fcr zur Verf\u00fcgung stehen, sich mit den Anwendungen praktisch auseinanderzusetzen. Im Ergebnis k\u00f6nnen beispielsweise digitale Unterrichtsmedien &hellip; <\/p>\n<p class=\"link-more\"><a href=\"https:\/\/seinenkel.de\/wordpress\/?page_id=43\" class=\"more-link\"><span class=\"screen-reader-text\">\u201eFortbildung 2017\/2018\u201c<\/span> weiterlesen<\/a><\/p>\n","protected":false},"author":1,"featured_media":0,"parent":0,"menu_order":0,"comment_status":"closed","ping_status":"closed","template":"","meta":[],"_links":{"self":[{"href":"https:\/\/seinenkel.de\/wordpress\/index.php?rest_route=\/wp\/v2\/pages\/43"}],"collection":[{"href":"https:\/\/seinenkel.de\/wordpress\/index.php?rest_route=\/wp\/v2\/pages"}],"about":[{"href":"https:\/\/seinenkel.de\/wordpress\/index.php?rest_route=\/wp\/v2\/types\/page"}],"author":[{"embeddable":true,"href":"https:\/\/seinenkel.de\/wordpress\/index.php?rest_route=\/wp\/v2\/users\/1"}],"replies":[{"embeddable":true,"href":"https:\/\/seinenkel.de\/wordpress\/index.php?rest_route=%2Fwp%2Fv2%2Fcomments&post=43"}],"version-history":[{"count":7,"href":"https:\/\/seinenkel.de\/wordpress\/index.php?rest_route=\/wp\/v2\/pages\/43\/revisions"}],"predecessor-version":[{"id":117,"href":"https:\/\/seinenkel.de\/wordpress\/index.php?rest_route=\/wp\/v2\/pages\/43\/revisions\/117"}],"wp:attachment":[{"href":"https:\/\/seinenkel.de\/wordpress\/index.php?rest_route=%2Fwp%2Fv2%2Fmedia&parent=43"}],"curies":[{"name":"wp","href":"https:\/\/api.w.org\/{rel}","templated":true}]}}