{"id":57,"date":"2017-10-05T16:20:35","date_gmt":"2017-10-05T14:20:35","guid":{"rendered":"https:\/\/seinenkel.de\/wordpress\/?page_id=57"},"modified":"2017-10-09T06:37:57","modified_gmt":"2017-10-09T04:37:57","slug":"2-medienkompetenz","status":"publish","type":"page","link":"https:\/\/seinenkel.de\/wordpress\/?page_id=57","title":{"rendered":"2.\tMedienkompetenz"},"content":{"rendered":"<p>Der vielzitierte Begriff der Medienkompetenz hat in den letzten zehn bis zw\u00f6lf Jahren eine wahre Renaissance erlebt. Mit der Entwicklung der technischen M\u00f6glichkeiten und deren Einzug in die Bildungslandschaft begann eine oft verfr\u00fchte Priorisierung der digitalen Medien. Dem gef\u00fchlten Eindruck nach wurden Rechner in die Schulen getragen, ohne dass f\u00fcr deren Einsatz durchdachte Konzepte vorhanden waren. Interessierte Lehrer*innen suchten und erfanden f\u00fcr ihren Unterricht Einsatzszenarien und teilten ihre Ideen untereinander. Teilweise sprangen Lehrwerkverlage auf den Zug auf und verlegten Softwareprodukte und Druckwerke wie Zeitschriften. Einige davon mit Unterst\u00fctzung von Bildungsministerien. In vielen F\u00e4llen gelang es jedoch (bis heute) nicht, die breite Lehrerschaft vom sinnvollen Einsatz digitaler Medien zu \u00fcberzeugen.<\/p>\n<p>Entwickelt wurde der Begriff der Medienkompetenz jedoch bereits in den 1970er Jahren durch Dieter Baacke<a href=\"#_ftn1\" name=\"_ftnref1\">[1]<\/a>. Er formulierte bereits damals die Forderung, dass auf Grund der st\u00e4ndigen medialen Entwicklung seine Definition st\u00e4ndig \u00fcberpr\u00fcft und \u00fcberarbeitet werden muss. Nach wie vor sind dabei vier Dimensionen der Medienkompetenz formuliert<a href=\"#_ftn2\" name=\"_ftnref2\">[2]<\/a>. Obwohl neben Mediennutzung und Medienkunde auch Medienkritik und Mediengestaltung definiert sind, wird meist solit\u00e4r die Mediennutzung im schulischen Kontext betrachtet und diskutiert. Wer sich auf die Suche nach Literatur begibt, wird dabei unter anderem auf den Seiten der Bundeszentrale f\u00fcr politische Bildung<a href=\"#_ftn3\" name=\"_ftnref3\">[3]<\/a> f\u00fcndig. Eher an Eltern aber auch an Lehrer*innen richten sich die Bildungsexperten<a href=\"#_ftn4\" name=\"_ftnref4\">[4]<\/a>. Die hier verlinkte Literatur macht das deutlich. Das Medienkompetenzportal NRW<a href=\"#_ftn5\" name=\"_ftnref5\">[5]<\/a> wendet sich wiederum eher an ein Fachpublikum. Hier sind die einzelnen Dimensionen des Begriffes \u00fcbersichtlich und weniger ausschweifend erkl\u00e4rt. F\u00fcr Interessierte finden sich auch noch weitere verlinkte Seiten.<\/p>\n<p>In unserer Fortbildung soll es st\u00e4rker um die Dimension der Mediengestaltung gehen, die im schulischen Kontext meist unterrepr\u00e4sentiert ist. Bereits seit 2004 spielt die Mediengestaltung im Lehrplan der s\u00e4chsischen Grundschulen eine Rolle. Eben so lang wurde der Lehrplaninhalt aber auch nicht an neuere M\u00f6glichkeiten angepasst.<\/p>\n<p><a href=\"#_ftnref1\" name=\"_ftn1\">[1]<\/a> <a href=\"http:\/\/groups.uni-paderborn.de\/wipaed\/learnlabmediendidaktik\/Website\/7_files\/9_Medienkompetenz.pdf\">http:\/\/groups.uni-paderborn.de\/wipaed\/learnlabmediendidaktik\/Website\/7_files\/9_Medienkompetenz.pdf<\/a>; 1.10.2017<\/p>\n<p><a href=\"#_ftnref2\" name=\"_ftn2\">[2]<\/a> <a href=\"https:\/\/de.wikipedia.org\/wiki\/Medienkompetenz\">https:\/\/de.wikipedia.org\/wiki\/Medienkompetenz<\/a>; 1.10.2017<\/p>\n<p><a href=\"#_ftnref3\" name=\"_ftn3\">[3]<\/a> <a href=\"https:\/\/www.bpb.de\/veranstaltungen\/format\/kongress-tagung\/medienkompetenz-2014\/181193\/dieter-baackes-definition-von-medienkompetenz\">https:\/\/www.bpb.de\/veranstaltungen\/format\/kongress-tagung\/medienkompetenz-2014\/181193\/dieter-baackes-definition-von-medienkompetenz<\/a>; 1.10.2017<\/p>\n<p><a href=\"#_ftnref4\" name=\"_ftn4\">[4]<\/a> <a href=\"http:\/\/www.bildungsxperten.net\/wissen\/was-ist-medienkompetenz\/\">http:\/\/www.bildungsxperten.net\/wissen\/was-ist-medienkompetenz\/<\/a>; 1.10.2017<\/p>\n<p><a href=\"#_ftnref5\" name=\"_ftn5\">[5]<\/a> <a href=\"http:\/\/www.medienkompetenzportal-nrw.de\/grundlagen\/begriffsbestimmung.html\">http:\/\/www.medienkompetenzportal-nrw.de\/grundlagen\/begriffsbestimmung.html<\/a>; 1.10.2017<\/p>\n","protected":false},"excerpt":{"rendered":"<p>Der vielzitierte Begriff der Medienkompetenz hat in den letzten zehn bis zw\u00f6lf Jahren eine wahre Renaissance erlebt. Mit der Entwicklung der technischen M\u00f6glichkeiten und deren Einzug in die Bildungslandschaft begann eine oft verfr\u00fchte Priorisierung der digitalen Medien. Dem gef\u00fchlten Eindruck nach wurden Rechner in die Schulen getragen, ohne dass f\u00fcr deren Einsatz durchdachte Konzepte vorhanden &hellip; <\/p>\n<p class=\"link-more\"><a href=\"https:\/\/seinenkel.de\/wordpress\/?page_id=57\" class=\"more-link\"><span class=\"screen-reader-text\">\u201e2.\tMedienkompetenz\u201c<\/span> weiterlesen<\/a><\/p>\n","protected":false},"author":1,"featured_media":0,"parent":43,"menu_order":1,"comment_status":"closed","ping_status":"closed","template":"","meta":[],"_links":{"self":[{"href":"https:\/\/seinenkel.de\/wordpress\/index.php?rest_route=\/wp\/v2\/pages\/57"}],"collection":[{"href":"https:\/\/seinenkel.de\/wordpress\/index.php?rest_route=\/wp\/v2\/pages"}],"about":[{"href":"https:\/\/seinenkel.de\/wordpress\/index.php?rest_route=\/wp\/v2\/types\/page"}],"author":[{"embeddable":true,"href":"https:\/\/seinenkel.de\/wordpress\/index.php?rest_route=\/wp\/v2\/users\/1"}],"replies":[{"embeddable":true,"href":"https:\/\/seinenkel.de\/wordpress\/index.php?rest_route=%2Fwp%2Fv2%2Fcomments&post=57"}],"version-history":[{"count":4,"href":"https:\/\/seinenkel.de\/wordpress\/index.php?rest_route=\/wp\/v2\/pages\/57\/revisions"}],"predecessor-version":[{"id":91,"href":"https:\/\/seinenkel.de\/wordpress\/index.php?rest_route=\/wp\/v2\/pages\/57\/revisions\/91"}],"up":[{"embeddable":true,"href":"https:\/\/seinenkel.de\/wordpress\/index.php?rest_route=\/wp\/v2\/pages\/43"}],"wp:attachment":[{"href":"https:\/\/seinenkel.de\/wordpress\/index.php?rest_route=%2Fwp%2Fv2%2Fmedia&parent=57"}],"curies":[{"name":"wp","href":"https:\/\/api.w.org\/{rel}","templated":true}]}}