{"id":62,"date":"2017-10-05T16:29:16","date_gmt":"2017-10-05T14:29:16","guid":{"rendered":"https:\/\/seinenkel.de\/wordpress\/?page_id=62"},"modified":"2017-10-05T16:29:16","modified_gmt":"2017-10-05T14:29:16","slug":"3-welche-praesentationsformen-gibt-es","status":"publish","type":"page","link":"https:\/\/seinenkel.de\/wordpress\/?page_id=62","title":{"rendered":"3.\tWelche Pr\u00e4sentationsformen gibt es?"},"content":{"rendered":"<h2>Wof\u00fcr entscheide ich mich?<\/h2>\n<p>Ziel jeder Pr\u00e4sentation ist es stets, eine Information an den Rezipienten heranzubringen. Somit bildet das Modell des Kommunikationsprozesses mit seinen Komponenten und Merkmalen also eine wesentliche Grundlage f\u00fcr die Erarbeitung von Pr\u00e4sentationen mittels digitaler Medien.<br \/>\nDoch welche Medien stehen uns digital eigentlich zur Verf\u00fcgung?<br \/>\nWelches Medium ist f\u00fcr den Einsatzzweck geeignet?<\/p>\n<p>Diese und weitere Fragen gilt es vor der eigentlichen Arbeit zu beantworten.<\/p>\n<table width=\"650\">\n<tbody>\n<tr>\n<td width=\"54\">Text<\/td>\n<td width=\"595\">Das klassische Textdokument nutzt ausschlie\u00dflich das Wort als Informationstr\u00e4ger. Somit muss aus gestalterischer Sicht eine Form angestrebt werden, die durch den Empf\u00e4nger erfassbar ist. Moderne Textverarbeitungen bieten daf\u00fcr eine Menge an geeigneten Werkzeugen.<br \/>\nGerade bei l\u00e4ngeren Texten, aber auch bei wiederkehrenden Dokumententypen sind Formatvorlagen eine gro\u00dfe Hilfe.<\/p>\n<p>Heute lassen sich Texte auch gut mit anderen Medien kombinieren.<\/td>\n<\/tr>\n<\/tbody>\n<\/table>\n<table width=\"650\">\n<tbody>\n<tr>\n<td width=\"54\">Bild<\/td>\n<td width=\"595\">Bilder z\u00e4hlen zu den \u00e4ltesten vom Menschen genutzten Nachrichten\u00fcbertr\u00e4gern. Au\u00dfer dem k\u00fcnstlerischen Ausdruck finden wir im Alltag zahllose Beispiele f\u00fcr einfachste, aber wirkungsvolle bildhafte Mitteilungen: Piktogramme.<br \/>\nNeben diesen sind aber auch Pendants zu den Werken bildender K\u00fcnstler m\u00f6glich.<\/p>\n<p>Selbst Plastiken und Skulpturen lassen sich auf digitalem Wege vorbereiten und erschaffen.<\/td>\n<\/tr>\n<\/tbody>\n<\/table>\n<table width=\"650\">\n<tbody>\n<tr>\n<td width=\"54\">Audio<\/td>\n<td width=\"595\">Das gesprochene Wort erreicht seine H\u00f6rer. Sprechen ist eine der am h\u00e4ufigsten genutzten Varianten der Kommunikation. Aber auch musikalische Werke haben einen Informationsgehalt. Das Radio ist auch heute noch eine beliebte Informationsquelle. Am Beispiel einiger Sender mit wiederkehrenden Sendeschleifen wird schnell deutlich, dass ohne digitale Unterst\u00fctzung kaum noch gearbeitet wird.<br \/>\nEs gibt musikalische Werke, die g\u00e4nzlich ohne analoge Hilfsmittel entstehen und in Studioqualit\u00e4t ihren Weg auf den Tontr\u00e4ger finden. Manche sogar ohne je von einem \u201eechten\u201c Instrument gespielt worden zu sein.<\/td>\n<\/tr>\n<\/tbody>\n<\/table>\n<table width=\"650\">\n<tbody>\n<tr>\n<td width=\"54\">Video<\/td>\n<td width=\"595\">Seit der Erfindung der Bildtrommel \u00fcben bewegte Bilder eine gro\u00dfe Faszination auf die Menschen aus. Neben tats\u00e4chlichen Filmaufnahmen gibt es aber auch weitere M\u00f6glichkeiten, ein <em>bewegtes<\/em> Bild zu erzeugen. Im klassischen Puppen oder Zeichentrickfilm spricht man vom Stopp-Motion-Picture. Dazu werden Bilder mit minimalen Unterschieden aneinandergereiht und anschlie\u00dfend abgespielt.<br \/>\nEine \u00fcber den Himmel ziehende Wolke ist ein m\u00f6gliches Beispiel.<br \/>\nDurch die Kombination mit Tonsequenzen ergeben sich zahlreiche Einsatzm\u00f6glichkeiten.<\/td>\n<\/tr>\n<\/tbody>\n<\/table>\n<table width=\"650\">\n<tbody>\n<tr>\n<td width=\"54\">Website<\/td>\n<td width=\"595\">Internetseiten sind aus unserem heutigen Leben nicht mehr wegzudenken. Sie ersetzen in vielen F\u00e4llen den Gang zur Bibliothek, sind nahezu st\u00e4ndig verf\u00fcgbar und bieten Informationen zu allen m\u00f6glichen Themen.<\/p>\n<p>Websites sind normalerweise plattformunabh\u00e4ngig. Das hei\u00dft, sie k\u00f6nnen unter jedem Betriebssystem aufgerufen werden. Je nachdem, wie die Seite aufgebaut ist, lassen sich unterschiedliche Medien in die Seite integrieren.<\/td>\n<\/tr>\n<\/tbody>\n<\/table>\n<table width=\"650\">\n<tbody>\n<tr>\n<td width=\"54\">Bildschirmpr\u00e4sentation<\/td>\n<td width=\"595\">Die Bildschirmpr\u00e4sentation ist der Erbe des klassischen Vortrages mit Hilfe von Dias oder Overheadfolien. Urspr\u00fcnglich zu diesem Zweck erdacht bietet sie heute l\u00e4ngst die M\u00f6glichkeit multimedial wirksam zu werden. Bilder, Tondokumente und Videos bereichern so die dargebotenen Informationen und unterst\u00fctzen das Verst\u00e4ndnis beim Zuh\u00f6rer, der gleichzeitig Zuschauer ist.<\/p>\n<p>Die Verbindung mehrerer Pr\u00e4sentationen miteinander ist bis hin zur bis ins kleinste Detail geplanten benutzergesteuerten oder sogar interaktiven Pr\u00e4sentation m\u00f6glich.<\/td>\n<\/tr>\n<\/tbody>\n<\/table>\n<p>&nbsp;<\/p>\n<p>Die Bandbreite der Kombination unterschiedlicher Medien auf digitalem Weg ist mit dieser \u00dcbersicht l\u00e4ngst nicht ersch\u00f6pft.<\/p>\n<p>Mit der schnell fortschreitenden Entwicklung der digitalen Gestaltungsm\u00f6glichkeiten ergeben sich innerhalb kurzer Zeitr\u00e4ume immer neue Varianten.<\/p>\n<p>Wof\u00fcr man sich letztlich entscheidet, h\u00e4ngt vom Empf\u00e4nger der Informationen und den Rahmenbedingungen am Einsatzort des Mediums ab.<\/p>\n<p>&nbsp;<\/p>\n","protected":false},"excerpt":{"rendered":"<p>Wof\u00fcr entscheide ich mich? Ziel jeder Pr\u00e4sentation ist es stets, eine Information an den Rezipienten heranzubringen. Somit bildet das Modell des Kommunikationsprozesses mit seinen Komponenten und Merkmalen also eine wesentliche Grundlage f\u00fcr die Erarbeitung von Pr\u00e4sentationen mittels digitaler Medien. Doch welche Medien stehen uns digital eigentlich zur Verf\u00fcgung? Welches Medium ist f\u00fcr den Einsatzzweck geeignet? &hellip; <\/p>\n<p class=\"link-more\"><a href=\"https:\/\/seinenkel.de\/wordpress\/?page_id=62\" class=\"more-link\"><span class=\"screen-reader-text\">\u201e3.\tWelche Pr\u00e4sentationsformen gibt es?\u201c<\/span> weiterlesen<\/a><\/p>\n","protected":false},"author":1,"featured_media":0,"parent":43,"menu_order":1,"comment_status":"closed","ping_status":"closed","template":"","meta":[],"_links":{"self":[{"href":"https:\/\/seinenkel.de\/wordpress\/index.php?rest_route=\/wp\/v2\/pages\/62"}],"collection":[{"href":"https:\/\/seinenkel.de\/wordpress\/index.php?rest_route=\/wp\/v2\/pages"}],"about":[{"href":"https:\/\/seinenkel.de\/wordpress\/index.php?rest_route=\/wp\/v2\/types\/page"}],"author":[{"embeddable":true,"href":"https:\/\/seinenkel.de\/wordpress\/index.php?rest_route=\/wp\/v2\/users\/1"}],"replies":[{"embeddable":true,"href":"https:\/\/seinenkel.de\/wordpress\/index.php?rest_route=%2Fwp%2Fv2%2Fcomments&post=62"}],"version-history":[{"count":1,"href":"https:\/\/seinenkel.de\/wordpress\/index.php?rest_route=\/wp\/v2\/pages\/62\/revisions"}],"predecessor-version":[{"id":63,"href":"https:\/\/seinenkel.de\/wordpress\/index.php?rest_route=\/wp\/v2\/pages\/62\/revisions\/63"}],"up":[{"embeddable":true,"href":"https:\/\/seinenkel.de\/wordpress\/index.php?rest_route=\/wp\/v2\/pages\/43"}],"wp:attachment":[{"href":"https:\/\/seinenkel.de\/wordpress\/index.php?rest_route=%2Fwp%2Fv2%2Fmedia&parent=62"}],"curies":[{"name":"wp","href":"https:\/\/api.w.org\/{rel}","templated":true}]}}