{"id":68,"date":"2017-10-05T16:32:41","date_gmt":"2017-10-05T14:32:41","guid":{"rendered":"https:\/\/seinenkel.de\/wordpress\/?page_id=68"},"modified":"2017-10-23T14:54:23","modified_gmt":"2017-10-23T12:54:23","slug":"5-gefahren-im-umgang-mit-digitalen-medien-externer-refe-rent","status":"publish","type":"page","link":"https:\/\/seinenkel.de\/wordpress\/?page_id=68","title":{"rendered":"5.\tGefahren im Umgang mit digitalen Medien \u2013 externer Referent"},"content":{"rendered":"<p>Momentan lassen sich Gefahren im Umgang mit digitalen Medien nur bedingt im Kontext der Grundschule ableiten.<\/p>\n<p>Sicher stellen Begleiterscheinungen sozialer Netzwerke mit zunehmender Verf\u00fcgbarkeit von Smartphones eine problematische Wirkung dar. Die M\u00f6glichkeiten dem entgegenzuwirken k\u00f6nnen sich momentan nur in der Sensibilisierung f\u00fcr das Thema beschr\u00e4nken. Die praktische Erprobung w\u00fcrde das Vorhandensein existierender Benutzerkonten in den jeweiligen Netzwerken bedeuten. Interessante Vorschl\u00e4ge finden sich auf einigen Ratgeberseiten<a href=\"#_ftn1\" name=\"_ftnref1\">[1]<\/a>. Die Materialien auf dieser Seite<a href=\"#_ftn2\" name=\"_ftnref2\">[2]<\/a> machen durch die Angabe der Klassenstufe bereits deutlich, dass meist eher der Bereich der Sch\u00fclerschaft in der Orientierungs- und Sekundarstufe als Zielgruppe gesehen wird. Im Primarbereich sind Buchprojekte \u00e4hnlich dem der BZgA aus der Publikation \u201eDem Leben auf der Spur\u201c sicher noch eine probate Variante.<\/p>\n<p>Zur Medienkritik lassen sich Sch\u00fcler jedoch sicher anhalten. Auch wenn der Effekt oft nur kurzfristig anh\u00e4lt und st\u00e4ndig wiederholt werden muss. Gerade Onlinemedien haben die Eigenart, dass sie von jedermann verfasst werden k\u00f6nnen. Deshalb ist bei Recherchen ein Quervergleich immer angeraten. Je nach Thema sind Kindersuchmaschinen nur bedingt eine Hilfe. Oft filtern sie so viele Ergebnisse aus, dass die Sch\u00fcler nur wenig geeignete Quellen f\u00fcr ihre Aufgaben finden.<\/p>\n<p><a href=\"#_ftnref1\" name=\"_ftn1\">[1]<\/a> <a href=\"http:\/\/www.sicherheit-macht-schule.de\/Unterrichtsideen\/Klasse_1_6\/1258_Chatten_aber_wie.htm\">http:\/\/www.sicherheit-macht-schule.de\/Unterrichtsideen\/Klasse_1_6\/1258_Chatten_aber_wie.htm<\/a>; 2.10.2017<\/p>\n<p><a href=\"#_ftnref2\" name=\"_ftn2\">[2]<\/a> <a href=\"http:\/\/www.chatten-ohne-risiko.net\/erwachsene\/ratgeber\/fuer-lehrkraefte\/\">http:\/\/www.chatten-ohne-risiko.net\/erwachsene\/ratgeber\/fuer-lehrkraefte\/<\/a>; 2.10.2017<\/p>\n","protected":false},"excerpt":{"rendered":"<p>Momentan lassen sich Gefahren im Umgang mit digitalen Medien nur bedingt im Kontext der Grundschule ableiten. Sicher stellen Begleiterscheinungen sozialer Netzwerke mit zunehmender Verf\u00fcgbarkeit von Smartphones eine problematische Wirkung dar. Die M\u00f6glichkeiten dem entgegenzuwirken k\u00f6nnen sich momentan nur in der Sensibilisierung f\u00fcr das Thema beschr\u00e4nken. Die praktische Erprobung w\u00fcrde das Vorhandensein existierender Benutzerkonten in den &hellip; <\/p>\n<p class=\"link-more\"><a href=\"https:\/\/seinenkel.de\/wordpress\/?page_id=68\" class=\"more-link\"><span class=\"screen-reader-text\">\u201e5.\tGefahren im Umgang mit digitalen Medien \u2013 externer Referent\u201c<\/span> weiterlesen<\/a><\/p>\n","protected":false},"author":1,"featured_media":0,"parent":0,"menu_order":0,"comment_status":"closed","ping_status":"closed","template":"","meta":[],"_links":{"self":[{"href":"https:\/\/seinenkel.de\/wordpress\/index.php?rest_route=\/wp\/v2\/pages\/68"}],"collection":[{"href":"https:\/\/seinenkel.de\/wordpress\/index.php?rest_route=\/wp\/v2\/pages"}],"about":[{"href":"https:\/\/seinenkel.de\/wordpress\/index.php?rest_route=\/wp\/v2\/types\/page"}],"author":[{"embeddable":true,"href":"https:\/\/seinenkel.de\/wordpress\/index.php?rest_route=\/wp\/v2\/users\/1"}],"replies":[{"embeddable":true,"href":"https:\/\/seinenkel.de\/wordpress\/index.php?rest_route=%2Fwp%2Fv2%2Fcomments&post=68"}],"version-history":[{"count":2,"href":"https:\/\/seinenkel.de\/wordpress\/index.php?rest_route=\/wp\/v2\/pages\/68\/revisions"}],"predecessor-version":[{"id":93,"href":"https:\/\/seinenkel.de\/wordpress\/index.php?rest_route=\/wp\/v2\/pages\/68\/revisions\/93"}],"wp:attachment":[{"href":"https:\/\/seinenkel.de\/wordpress\/index.php?rest_route=%2Fwp%2Fv2%2Fmedia&parent=68"}],"curies":[{"name":"wp","href":"https:\/\/api.w.org\/{rel}","templated":true}]}}